{"id":21886,"date":"2024-04-23T13:48:10","date_gmt":"2024-04-23T11:48:10","guid":{"rendered":"https:\/\/weinhof-mayer.de\/shop\/produkt\/secco-zero-alkoholfrei-075l\/"},"modified":"2026-03-17T13:00:10","modified_gmt":"2026-03-17T11:00:10","slug":"secco-zero-alkoholfrei-075l","status":"publish","type":"product","link":"https:\/\/weinhof-mayer.de\/shop\/produkt\/secco-zero-alkoholfrei-075l\/","title":{"rendered":"<br>Secco ZERO <br>alkoholfrei \/ 0,75l<br>"},"content":{"rendered":"<p><!-- IBGHTML -->Stilvoll ansto\u00dfen &#8211; Genuss ohne Alkohol!<\/p>\n<p>100 ml enthalten durchschnittlich:<br \/>Energie: 130kJ \/ 31 kcal<br \/>Kohlenhydrate: 7,9 g<br \/>davon Zucker: 6,6 g<br \/>Enth\u00e4lt geringf\u00fcgige Mengen an Fett, ges\u00e4ttigten Fetts\u00e4uren, Eiwei\u00df und Salz<\/p>\n<p>Mindestens haltbar bis 11 \/ 2026<\/p>\n<table WIDTH=\"60%\" BORDER=\"0\" align=\"left\" CELLPADDING=\"0\" CELLSPACING=\"0\"><\/p>\n<tr>\n<td width=\"53%\">Artikelnummer:<\/td>\n<td width=\"47%\"><strong>2399<\/strong><\/td>\n<\/tr>\n<p><\/p>\n<tr>\n<td>Inhalt<\/td>\n<td><strong>0,75 Ltr.<\/strong><\/td>\n<\/tr>\n<p><\/p>\n<tr>\n<td>Preis\/Ltr.<\/td>\n<td><strong>9,20 EUR pro Ltr.<\/strong><\/td>\n<\/tr>\n<p><\/p>\n<tr>\n<td>Weinart:<\/td>\n<td><strong>sonstiges<\/strong><\/td>\n<\/tr>\n<p><\/p>\n<tr>\n<td>Anbaugebiet:<\/td>\n<td><strong><\/strong><\/td>\n<\/tr>\n<p><\/p>\n<tr>\n<td>Qualit&auml;tsstufe<\/td>\n<td><strong><\/strong><\/td>\n<\/tr>\n<p><\/p>\n<tr>\n<td>Abf\u00fcllerangabe:<\/td>\n<td><strong><\/strong><\/td>\n<\/tr>\n<p><\/p>\n<tr>\n<td>Rebsorte<\/td>\n<td><strong><\/strong><\/td>\n<\/tr>\n<p><\/p>\n<tr>\n<td>Restzuckergehalt<\/td>\n<td><strong><\/strong><\/td>\n<\/tr>\n<p><\/p>\n<tr>\n<td>S\u00e4ure:<\/td>\n<td><strong><\/strong><\/td>\n<\/tr>\n<p><\/p>\n<tr>\n<td>Alkoholgehalt<\/td>\n<td><strong>0,0 Vol. %<\/strong><\/td>\n<\/tr>\n<p><\/p>\n<tr>\n<td>Vegan:<\/td>\n<td><strong>NEIN<\/strong><\/td>\n<\/tr>\n<p><\/p>\n<tr>\n<td>Enth\u00e4lt Allergene:<\/td>\n<td><strong>Sulfite<\/strong><\/td>\n<\/tr>\n<p><\/table>\n","protected":false},"excerpt":{"rendered":"<p>Stilvoll ansto\u00dfen &#8211; Genuss ohne Alkohol! 100 ml enthalten durchschnittlich:Energie: 130kJ \/ 31 kcalKohlenhydrate: 7,9 gdavon Zucker: 6,6 gEnth\u00e4lt geringf\u00fcgige Mengen an Fett, ges\u00e4ttigten Fetts\u00e4uren, Eiwei\u00df und Salz Mindestens haltbar bis 11 \/ 2026 Artikelnummer: 2399 Inhalt 0,75 Ltr. Preis\/Ltr. 9,20 EUR pro Ltr. Weinart: sonstiges Anbaugebiet: Qualit&auml;tsstufe Abf\u00fcllerangabe: Rebsorte Restzuckergehalt S\u00e4ure: Alkoholgehalt 0,0 Vol. [&hellip;]<\/p>\n","protected":false},"featured_media":21887,"template":"","meta":[],"product_brand":[],"product_cat":[2090],"product_tag":[],"class_list":{"0":"post-21886","1":"product","2":"type-product","3":"status-publish","4":"has-post-thumbnail","6":"product_cat-alkoholfreies","8":"first","9":"instock","10":"taxable","11":"shipping-taxable","12":"purchasable","13":"product-type-simple"},"_links":{"self":[{"href":"https:\/\/weinhof-mayer.de\/shop\/wp-json\/wp\/v2\/product\/21886","targetHints":{"allow":["GET"]}}],"collection":[{"href":"https:\/\/weinhof-mayer.de\/shop\/wp-json\/wp\/v2\/product"}],"about":[{"href":"https:\/\/weinhof-mayer.de\/shop\/wp-json\/wp\/v2\/types\/product"}],"wp:featuredmedia":[{"embeddable":true,"href":"https:\/\/weinhof-mayer.de\/shop\/wp-json\/wp\/v2\/media\/21887"}],"wp:attachment":[{"href":"https:\/\/weinhof-mayer.de\/shop\/wp-json\/wp\/v2\/media?parent=21886"}],"wp:term":[{"taxonomy":"product_brand","embeddable":true,"href":"https:\/\/weinhof-mayer.de\/shop\/wp-json\/wp\/v2\/product_brand?post=21886"},{"taxonomy":"product_cat","embeddable":true,"href":"https:\/\/weinhof-mayer.de\/shop\/wp-json\/wp\/v2\/product_cat?post=21886"},{"taxonomy":"product_tag","embeddable":true,"href":"https:\/\/weinhof-mayer.de\/shop\/wp-json\/wp\/v2\/product_tag?post=21886"}],"curies":[{"name":"wp","href":"https:\/\/api.w.org\/{rel}","templated":true}]}}