{"id":21950,"date":"2024-10-04T08:51:54","date_gmt":"2024-10-04T06:51:54","guid":{"rendered":"https:\/\/weinhof-mayer.de\/shop\/produkt\/2022-merlot-s-kreuznacher-st-martin-trocken-075l\/"},"modified":"2026-04-28T19:53:05","modified_gmt":"2026-04-28T17:53:05","slug":"2022-merlot-s-kreuznacher-st-martin-trocken-075l","status":"publish","type":"product","link":"https:\/\/weinhof-mayer.de\/shop\/produkt\/2022-merlot-s-kreuznacher-st-martin-trocken-075l\/","title":{"rendered":"<br>2022 Merlot &#8211; S &#8211; <br>&#8222;KREUZNACHER ST. MARTIN&#8220; <br>trocken \/ 0,75l<br>"},"content":{"rendered":"<p><!-- IBGHTML -->Reifte 15 Monate im neuen Holzfass aus franz\u00f6sischer Eiche. Tiefdunkle Farbe, samtiger &amp; kr\u00e4ftiger Geschmack sowie feine Nase nach roten Beeren <\/p>\n<table WIDTH=\"60%\" BORDER=\"0\" align=\"left\" CELLPADDING=\"0\" CELLSPACING=\"0\"><\/p>\n<tr>\n<td width=\"53%\">Artikelnummer:<\/td>\n<td width=\"47%\"><strong>2231<\/strong><\/td>\n<\/tr>\n<p><\/p>\n<tr>\n<td>Inhalt<\/td>\n<td><strong>0,75 Ltr.<\/strong><\/td>\n<\/tr>\n<p><\/p>\n<tr>\n<td>Preis\/Ltr.<\/td>\n<td><strong>11,33 EUR pro Ltr.<\/strong><\/td>\n<\/tr>\n<p><\/p>\n<tr>\n<td>Weinart:<\/td>\n<td><strong>Rotwein<\/strong><\/td>\n<\/tr>\n<p><\/p>\n<tr>\n<td>Anbaugebiet:<\/td>\n<td><strong>Nahe<\/strong><\/td>\n<\/tr>\n<p><\/p>\n<tr>\n<td>Qualit&auml;tsstufe<\/td>\n<td><strong>Qualit\u00e4tswein<\/strong><\/td>\n<\/tr>\n<p><\/p>\n<tr>\n<td>Abf\u00fcllerangabe:<\/td>\n<td><strong>Gutsabf\u00fcllung<\/strong><\/td>\n<\/tr>\n<p><\/p>\n<tr>\n<td>Rebsorte<\/td>\n<td><strong>Merlot<\/strong><\/td>\n<\/tr>\n<p><\/p>\n<tr>\n<td>Restzuckergehalt<\/td>\n<td><strong>4,9 g\/Ltr.<\/strong><\/td>\n<\/tr>\n<p><\/p>\n<tr>\n<td>S\u00e4ure:<\/td>\n<td><strong>5,1 g\/Ltr.<\/strong><\/td>\n<\/tr>\n<p><\/p>\n<tr>\n<td>Alkoholgehalt<\/td>\n<td><strong>13,0 Vol. %<\/strong><\/td>\n<\/tr>\n<p><\/p>\n<tr>\n<td>Vegan:<\/td>\n<td><strong>JA<\/strong><\/td>\n<\/tr>\n<p><\/p>\n<tr>\n<td>Enth\u00e4lt Allergene:<\/td>\n<td><strong>Sulfite<\/strong><\/td>\n<\/tr>\n<p><\/table>\n","protected":false},"excerpt":{"rendered":"<p>Reifte 15 Monate im neuen Holzfass aus franz\u00f6sischer Eiche. Tiefdunkle Farbe, samtiger &amp; kr\u00e4ftiger Geschmack sowie feine Nase nach roten Beeren Artikelnummer: 2231 Inhalt 0,75 Ltr. Preis\/Ltr. 11,33 EUR pro Ltr. Weinart: Rotwein Anbaugebiet: Nahe Qualit&auml;tsstufe Qualit\u00e4tswein Abf\u00fcllerangabe: Gutsabf\u00fcllung Rebsorte Merlot Restzuckergehalt 4,9 g\/Ltr. S\u00e4ure: 5,1 g\/Ltr. Alkoholgehalt 13,0 Vol. % Vegan: JA Enth\u00e4lt Allergene: [&hellip;]<\/p>\n","protected":false},"featured_media":21951,"template":"","meta":[],"product_brand":[],"product_cat":[2082],"product_tag":[],"class_list":{"0":"post-21950","1":"product","2":"type-product","3":"status-publish","4":"has-post-thumbnail","6":"product_cat-rotweine","8":"first","9":"instock","10":"taxable","11":"shipping-taxable","12":"purchasable","13":"product-type-simple"},"_links":{"self":[{"href":"https:\/\/weinhof-mayer.de\/shop\/wp-json\/wp\/v2\/product\/21950","targetHints":{"allow":["GET"]}}],"collection":[{"href":"https:\/\/weinhof-mayer.de\/shop\/wp-json\/wp\/v2\/product"}],"about":[{"href":"https:\/\/weinhof-mayer.de\/shop\/wp-json\/wp\/v2\/types\/product"}],"wp:featuredmedia":[{"embeddable":true,"href":"https:\/\/weinhof-mayer.de\/shop\/wp-json\/wp\/v2\/media\/21951"}],"wp:attachment":[{"href":"https:\/\/weinhof-mayer.de\/shop\/wp-json\/wp\/v2\/media?parent=21950"}],"wp:term":[{"taxonomy":"product_brand","embeddable":true,"href":"https:\/\/weinhof-mayer.de\/shop\/wp-json\/wp\/v2\/product_brand?post=21950"},{"taxonomy":"product_cat","embeddable":true,"href":"https:\/\/weinhof-mayer.de\/shop\/wp-json\/wp\/v2\/product_cat?post=21950"},{"taxonomy":"product_tag","embeddable":true,"href":"https:\/\/weinhof-mayer.de\/shop\/wp-json\/wp\/v2\/product_tag?post=21950"}],"curies":[{"name":"wp","href":"https:\/\/api.w.org\/{rel}","templated":true}]}}