{"id":21978,"date":"2024-11-09T13:50:44","date_gmt":"2024-11-09T11:50:44","guid":{"rendered":"https:\/\/weinhof-mayer.de\/shop\/produkt\/2022-sankt-laurent-vom-loess\/"},"modified":"2026-03-05T09:00:04","modified_gmt":"2026-03-05T07:00:04","slug":"2022-sankt-laurent-vom-loess-trocken-075l","status":"publish","type":"product","link":"https:\/\/weinhof-mayer.de\/shop\/produkt\/2022-sankt-laurent-vom-loess-trocken-075l\/","title":{"rendered":"<br>2022 Sankt Laurent <br>&#8211; vom L\u00f6ss &#8211; <br>trocken \/ 0,75l<br>"},"content":{"rendered":"<p><!-- IBGHTML -->VINUM Weinguide: 89 Punkte<\/p>\n<p>Fruchtig, kr\u00e4ftiger Rotwein<\/p>\n<table WIDTH=\"60%\" BORDER=\"0\" align=\"left\" CELLPADDING=\"0\" CELLSPACING=\"0\"><\/p>\n<tr>\n<td width=\"53%\">Artikelnummer:<\/td>\n<td width=\"47%\"><strong>2201<\/strong><\/td>\n<\/tr>\n<p><\/p>\n<tr>\n<td>Inhalt<\/td>\n<td><strong>0,75 Ltr.<\/strong><\/td>\n<\/tr>\n<p><\/p>\n<tr>\n<td>Preis\/Ltr.<\/td>\n<td><strong>9,20 EUR pro Ltr.<\/strong><\/td>\n<\/tr>\n<p><\/p>\n<tr>\n<td>Weinart:<\/td>\n<td><strong>Rotwein<\/strong><\/td>\n<\/tr>\n<p><\/p>\n<tr>\n<td>Anbaugebiet:<\/td>\n<td><strong>Rheinhessen<\/strong><\/td>\n<\/tr>\n<p><\/p>\n<tr>\n<td>Qualit&auml;tsstufe<\/td>\n<td><strong>Qualit\u00e4tswein<\/strong><\/td>\n<\/tr>\n<p><\/p>\n<tr>\n<td>Abf\u00fcllerangabe:<\/td>\n<td><strong>Gutsabf\u00fcllung<\/strong><\/td>\n<\/tr>\n<p><\/p>\n<tr>\n<td>Rebsorte<\/td>\n<td><strong>Sankt Laurent<\/strong><\/td>\n<\/tr>\n<p><\/p>\n<tr>\n<td>Restzuckergehalt<\/td>\n<td><strong>5,4 g\/Ltr.<\/strong><\/td>\n<\/tr>\n<p><\/p>\n<tr>\n<td>S\u00e4ure:<\/td>\n<td><strong>5,5 g\/Ltr.<\/strong><\/td>\n<\/tr>\n<p><\/p>\n<tr>\n<td>Alkoholgehalt<\/td>\n<td><strong>12,5 Vol. %<\/strong><\/td>\n<\/tr>\n<p><\/p>\n<tr>\n<td>Vegan:<\/td>\n<td><strong>JA<\/strong><\/td>\n<\/tr>\n<p><\/p>\n<tr>\n<td>Enth\u00e4lt Allergene:<\/td>\n<td><strong>Sulfite<\/strong><\/td>\n<\/tr>\n<p><\/table>\n","protected":false},"excerpt":{"rendered":"<p>VINUM Weinguide: 89 Punkte Fruchtig, kr\u00e4ftiger Rotwein Artikelnummer: 2201 Inhalt 0,75 Ltr. Preis\/Ltr. 9,20 EUR pro Ltr. Weinart: Rotwein Anbaugebiet: Rheinhessen Qualit&auml;tsstufe Qualit\u00e4tswein Abf\u00fcllerangabe: Gutsabf\u00fcllung Rebsorte Sankt Laurent Restzuckergehalt 5,4 g\/Ltr. S\u00e4ure: 5,5 g\/Ltr. Alkoholgehalt 12,5 Vol. % Vegan: JA Enth\u00e4lt Allergene: Sulfite<\/p>\n","protected":false},"featured_media":21849,"template":"","meta":[],"product_brand":[],"product_cat":[2082],"product_tag":[],"class_list":{"0":"post-21978","1":"product","2":"type-product","3":"status-publish","4":"has-post-thumbnail","6":"product_cat-rotweine","8":"first","9":"instock","10":"taxable","11":"shipping-taxable","12":"purchasable","13":"product-type-simple"},"_links":{"self":[{"href":"https:\/\/weinhof-mayer.de\/shop\/wp-json\/wp\/v2\/product\/21978","targetHints":{"allow":["GET"]}}],"collection":[{"href":"https:\/\/weinhof-mayer.de\/shop\/wp-json\/wp\/v2\/product"}],"about":[{"href":"https:\/\/weinhof-mayer.de\/shop\/wp-json\/wp\/v2\/types\/product"}],"wp:featuredmedia":[{"embeddable":true,"href":"https:\/\/weinhof-mayer.de\/shop\/wp-json\/wp\/v2\/media\/21849"}],"wp:attachment":[{"href":"https:\/\/weinhof-mayer.de\/shop\/wp-json\/wp\/v2\/media?parent=21978"}],"wp:term":[{"taxonomy":"product_brand","embeddable":true,"href":"https:\/\/weinhof-mayer.de\/shop\/wp-json\/wp\/v2\/product_brand?post=21978"},{"taxonomy":"product_cat","embeddable":true,"href":"https:\/\/weinhof-mayer.de\/shop\/wp-json\/wp\/v2\/product_cat?post=21978"},{"taxonomy":"product_tag","embeddable":true,"href":"https:\/\/weinhof-mayer.de\/shop\/wp-json\/wp\/v2\/product_tag?post=21978"}],"curies":[{"name":"wp","href":"https:\/\/api.w.org\/{rel}","templated":true}]}}