{"id":22068,"date":"2025-03-09T12:50:15","date_gmt":"2025-03-09T10:50:15","guid":{"rendered":"https:\/\/weinhof-mayer.de\/shop\/produkt\/2024-sauvignon-blanc-vom-tonmergel-trocken-075l\/"},"modified":"2026-01-28T10:46:22","modified_gmt":"2026-01-28T08:46:22","slug":"2024-sauvignon-blanc-vom-tonmergel-trocken-075l","status":"publish","type":"product","link":"https:\/\/weinhof-mayer.de\/shop\/produkt\/2024-sauvignon-blanc-vom-tonmergel-trocken-075l\/","title":{"rendered":"<br>2024 Sauvignon Blanc <br>&#8211; vom Tonmergel &#8211; <br>trocken \/ 0,75l<br>"},"content":{"rendered":"<p><!-- IBGHTML -->Bouquet, das an Apfel, Stachelbeeren und Zitrus\u00e4pfel erinnert, begleitet von einer lebendigen Kr\u00e4uterw\u00fcrze<\/p>\n<table WIDTH=\"60%\" BORDER=\"0\" align=\"left\" CELLPADDING=\"0\" CELLSPACING=\"0\"><\/p>\n<tr>\n<td width=\"53%\">Artikelnummer:<\/td>\n<td width=\"47%\"><strong>2403<\/strong><\/td>\n<\/tr>\n<p><\/p>\n<tr>\n<td>Inhalt<\/td>\n<td><strong>0,75 Ltr.<\/strong><\/td>\n<\/tr>\n<p><\/p>\n<tr>\n<td>Preis\/Ltr.<\/td>\n<td><strong>9,60 EUR pro Ltr.<\/strong><\/td>\n<\/tr>\n<p><\/p>\n<tr>\n<td>Weinart:<\/td>\n<td><strong>Wei\u00dfwein<\/strong><\/td>\n<\/tr>\n<p><\/p>\n<tr>\n<td>Anbaugebiet:<\/td>\n<td><strong>Nahe<\/strong><\/td>\n<\/tr>\n<p><\/p>\n<tr>\n<td>Qualit&auml;tsstufe<\/td>\n<td><strong>Qualit\u00e4tswein<\/strong><\/td>\n<\/tr>\n<p><\/p>\n<tr>\n<td>Abf\u00fcllerangabe:<\/td>\n<td><strong>Gutsabf\u00fcllung<\/strong><\/td>\n<\/tr>\n<p><\/p>\n<tr>\n<td>Rebsorte<\/td>\n<td><strong>Sauvignon Blanc<\/strong><\/td>\n<\/tr>\n<p><\/p>\n<tr>\n<td>Restzuckergehalt<\/td>\n<td><strong>5,3 g\/Ltr.<\/strong><\/td>\n<\/tr>\n<p><\/p>\n<tr>\n<td>S\u00e4ure:<\/td>\n<td><strong>6 g\/Ltr.<\/strong><\/td>\n<\/tr>\n<p><\/p>\n<tr>\n<td>Alkoholgehalt<\/td>\n<td><strong>12,0 Vol. %<\/strong><\/td>\n<\/tr>\n<p><\/p>\n<tr>\n<td>Vegan:<\/td>\n<td><strong>JA<\/strong><\/td>\n<\/tr>\n<p><\/p>\n<tr>\n<td>Enth\u00e4lt Allergene:<\/td>\n<td><strong>Sulfite<\/strong><\/td>\n<\/tr>\n<p><\/table>\n","protected":false},"excerpt":{"rendered":"<p>Bouquet, das an Apfel, Stachelbeeren und Zitrus\u00e4pfel erinnert, begleitet von einer lebendigen Kr\u00e4uterw\u00fcrze Artikelnummer: 2403 Inhalt 0,75 Ltr. Preis\/Ltr. 9,60 EUR pro Ltr. Weinart: Wei\u00dfwein Anbaugebiet: Nahe Qualit&auml;tsstufe Qualit\u00e4tswein Abf\u00fcllerangabe: Gutsabf\u00fcllung Rebsorte Sauvignon Blanc Restzuckergehalt 5,3 g\/Ltr. S\u00e4ure: 6 g\/Ltr. Alkoholgehalt 12,0 Vol. % Vegan: JA Enth\u00e4lt Allergene: Sulfite<\/p>\n","protected":false},"featured_media":21851,"template":"","meta":[],"product_brand":[],"product_cat":[2084],"product_tag":[],"class_list":{"0":"post-22068","1":"product","2":"type-product","3":"status-publish","4":"has-post-thumbnail","6":"product_cat-weissweine-trocken","8":"first","9":"instock","10":"taxable","11":"shipping-taxable","12":"purchasable","13":"product-type-simple"},"_links":{"self":[{"href":"https:\/\/weinhof-mayer.de\/shop\/wp-json\/wp\/v2\/product\/22068","targetHints":{"allow":["GET"]}}],"collection":[{"href":"https:\/\/weinhof-mayer.de\/shop\/wp-json\/wp\/v2\/product"}],"about":[{"href":"https:\/\/weinhof-mayer.de\/shop\/wp-json\/wp\/v2\/types\/product"}],"wp:featuredmedia":[{"embeddable":true,"href":"https:\/\/weinhof-mayer.de\/shop\/wp-json\/wp\/v2\/media\/21851"}],"wp:attachment":[{"href":"https:\/\/weinhof-mayer.de\/shop\/wp-json\/wp\/v2\/media?parent=22068"}],"wp:term":[{"taxonomy":"product_brand","embeddable":true,"href":"https:\/\/weinhof-mayer.de\/shop\/wp-json\/wp\/v2\/product_brand?post=22068"},{"taxonomy":"product_cat","embeddable":true,"href":"https:\/\/weinhof-mayer.de\/shop\/wp-json\/wp\/v2\/product_cat?post=22068"},{"taxonomy":"product_tag","embeddable":true,"href":"https:\/\/weinhof-mayer.de\/shop\/wp-json\/wp\/v2\/product_tag?post=22068"}],"curies":[{"name":"wp","href":"https:\/\/api.w.org\/{rel}","templated":true}]}}