{"id":22069,"date":"2025-03-09T12:50:16","date_gmt":"2025-03-09T10:50:16","guid":{"rendered":"https:\/\/weinhof-mayer.de\/shop\/produkt\/2024-grauburgunder-feinherb-075l\/"},"modified":"2026-01-27T14:35:00","modified_gmt":"2026-01-27T12:35:00","slug":"2024-grauburgunder-feinherb-075l","status":"publish","type":"product","link":"https:\/\/weinhof-mayer.de\/shop\/produkt\/2024-grauburgunder-feinherb-075l\/","title":{"rendered":"<br>2024 Grauburgunder <br>feinherb \/ 0,75l<br>"},"content":{"rendered":"<p><!-- IBGHTML --><!-- IBGHTML -->Butterweicher Grauburgunder mit viel Schmelz und F\u00fclle<\/p>\n<table WIDTH=\"60%\" BORDER=\"0\" align=\"left\" CELLPADDING=\"0\" CELLSPACING=\"0\"><\/p>\n<tr>\n<td width=\"53%\">Artikelnummer:<\/td>\n<td width=\"47%\"><strong>2410<\/strong><\/td>\n<\/tr>\n<p><\/p>\n<tr>\n<td>Inhalt<\/td>\n<td><strong>0,75 Ltr.<\/strong><\/td>\n<\/tr>\n<p><\/p>\n<tr>\n<td>Preis\/Ltr.<\/td>\n<td><strong>9,20 EUR pro Ltr.<\/strong><\/td>\n<\/tr>\n<p><\/p>\n<tr>\n<td>Weinart:<\/td>\n<td><strong>Wei\u00dfwein<\/strong><\/td>\n<\/tr>\n<p><\/p>\n<tr>\n<td>Anbaugebiet:<\/td>\n<td><strong>Nahe<\/strong><\/td>\n<\/tr>\n<p><\/p>\n<tr>\n<td>Qualit&auml;tsstufe<\/td>\n<td><strong>Qualit\u00e4tswein<\/strong><\/td>\n<\/tr>\n<p><\/p>\n<tr>\n<td>Abf\u00fcllerangabe:<\/td>\n<td><strong>Gutsabf\u00fcllung<\/strong><\/td>\n<\/tr>\n<p><\/p>\n<tr>\n<td>Rebsorte<\/td>\n<td><strong>Grauburgunder<\/strong><\/td>\n<\/tr>\n<p><\/p>\n<tr>\n<td>Restzuckergehalt<\/td>\n<td><strong>11,5 g\/Ltr.<\/strong><\/td>\n<\/tr>\n<p><\/p>\n<tr>\n<td>S\u00e4ure:<\/td>\n<td><strong>5,4 g\/Ltr.<\/strong><\/td>\n<\/tr>\n<p><\/p>\n<tr>\n<td>Alkoholgehalt<\/td>\n<td><strong>12,0 Vol. %<\/strong><\/td>\n<\/tr>\n<p><\/p>\n<tr>\n<td>Vegan:<\/td>\n<td><strong>JA<\/strong><\/td>\n<\/tr>\n<p><\/p>\n<tr>\n<td>Enth\u00e4lt Allergene:<\/td>\n<td><strong>Sulfite<\/strong><\/td>\n<\/tr>\n<p><\/table>\n","protected":false},"excerpt":{"rendered":"<p>Butterweicher Grauburgunder mit viel Schmelz und F\u00fclle Artikelnummer: 2410 Inhalt 0,75 Ltr. Preis\/Ltr. 9,20 EUR pro Ltr. Weinart: Wei\u00dfwein Anbaugebiet: Nahe Qualit&auml;tsstufe Qualit\u00e4tswein Abf\u00fcllerangabe: Gutsabf\u00fcllung Rebsorte Grauburgunder Restzuckergehalt 11,5 g\/Ltr. S\u00e4ure: 5,4 g\/Ltr. Alkoholgehalt 12,0 Vol. % Vegan: JA Enth\u00e4lt Allergene: Sulfite<\/p>\n","protected":false},"featured_media":21861,"template":"","meta":[],"product_brand":[],"product_cat":[2086],"product_tag":[],"class_list":{"0":"post-22069","1":"product","2":"type-product","3":"status-publish","4":"has-post-thumbnail","6":"product_cat-weissweine-feinherb","8":"first","9":"instock","10":"taxable","11":"shipping-taxable","12":"purchasable","13":"product-type-simple"},"_links":{"self":[{"href":"https:\/\/weinhof-mayer.de\/shop\/wp-json\/wp\/v2\/product\/22069","targetHints":{"allow":["GET"]}}],"collection":[{"href":"https:\/\/weinhof-mayer.de\/shop\/wp-json\/wp\/v2\/product"}],"about":[{"href":"https:\/\/weinhof-mayer.de\/shop\/wp-json\/wp\/v2\/types\/product"}],"wp:featuredmedia":[{"embeddable":true,"href":"https:\/\/weinhof-mayer.de\/shop\/wp-json\/wp\/v2\/media\/21861"}],"wp:attachment":[{"href":"https:\/\/weinhof-mayer.de\/shop\/wp-json\/wp\/v2\/media?parent=22069"}],"wp:term":[{"taxonomy":"product_brand","embeddable":true,"href":"https:\/\/weinhof-mayer.de\/shop\/wp-json\/wp\/v2\/product_brand?post=22069"},{"taxonomy":"product_cat","embeddable":true,"href":"https:\/\/weinhof-mayer.de\/shop\/wp-json\/wp\/v2\/product_cat?post=22069"},{"taxonomy":"product_tag","embeddable":true,"href":"https:\/\/weinhof-mayer.de\/shop\/wp-json\/wp\/v2\/product_tag?post=22069"}],"curies":[{"name":"wp","href":"https:\/\/api.w.org\/{rel}","templated":true}]}}