{"id":22178,"date":"2025-10-30T20:40:02","date_gmt":"2025-10-30T18:40:02","guid":{"rendered":"https:\/\/weinhof-mayer.de\/shop\/produkt\/mayer-on-fire-red-gluehwein-rot-10l\/"},"modified":"2026-03-17T12:51:03","modified_gmt":"2026-03-17T10:51:03","slug":"mayer-on-fire-red-gluehwein-rot-10l","status":"publish","type":"product","link":"https:\/\/weinhof-mayer.de\/shop\/produkt\/mayer-on-fire-red-gluehwein-rot-10l\/","title":{"rendered":"<br>&#8222;MAYER ON FIRE&#8220; RED <br>Gl\u00fchwein <br>rot \/ 1,0l<br>"},"content":{"rendered":"<p><!-- IBGHTML --><!-- IBGHTML --><\/p>\n<p style=\"margin: 0cm 0cm 8pt\"><font face=\"Arial\">Aufmachen \u2013 Warmmachen \u2013 Genie\u00dfen!<\/font><\/p>\n<p style=\"margin: 0cm 0cm 8pt\"><font face=\"Arial\">Fertig zubereiteter Gl\u00fchwein, bis maximal 70 \u00b0C erw\u00e4rmen.<\/font><\/p>\n<p><\/p>\n<table WIDTH=\"60%\" BORDER=\"0\" align=\"left\" CELLPADDING=\"0\" CELLSPACING=\"0\"><\/p>\n<tr>\n<td width=\"53%\">Artikelnummer:<\/td>\n<td width=\"47%\"><strong>2432<\/strong><\/td>\n<\/tr>\n<p><\/p>\n<tr>\n<td>Inhalt<\/td>\n<td><strong>1,0 Ltr.<\/strong><\/td>\n<\/tr>\n<p><\/p>\n<tr>\n<td>Preis\/Ltr.<\/td>\n<td><strong>5,50 EUR pro Ltr.<\/strong><\/td>\n<\/tr>\n<p><\/p>\n<tr>\n<td>Weinart:<\/td>\n<td><strong>sonstiges<\/strong><\/td>\n<\/tr>\n<p><\/p>\n<tr>\n<td>Anbaugebiet:<\/td>\n<td><strong>Gl\u00fchwein rot<\/strong><\/td>\n<\/tr>\n<p><\/p>\n<tr>\n<td>Qualit&auml;tsstufe<\/td>\n<td><strong>Deutscher Wein<\/strong><\/td>\n<\/tr>\n<p><\/p>\n<tr>\n<td>Abf\u00fcllerangabe:<\/td>\n<td><strong>Abf\u00fcller<\/strong><\/td>\n<\/tr>\n<p><\/p>\n<tr>\n<td>Rebsorte<\/td>\n<td><strong><\/strong><\/td>\n<\/tr>\n<p><\/p>\n<tr>\n<td>Restzuckergehalt<\/td>\n<td><strong>70 g\/Ltr.<\/strong><\/td>\n<\/tr>\n<p><\/p>\n<tr>\n<td>S\u00e4ure:<\/td>\n<td><strong>5,5 g\/Ltr.<\/strong><\/td>\n<\/tr>\n<p><\/p>\n<tr>\n<td>Alkoholgehalt<\/td>\n<td><strong>12,5 Vol. %<\/strong><\/td>\n<\/tr>\n<p><\/p>\n<tr>\n<td>Vegan:<\/td>\n<td><strong>JA<\/strong><\/td>\n<\/tr>\n<p><\/p>\n<tr>\n<td>Enth\u00e4lt Allergene:<\/td>\n<td><strong>Sulfite<\/strong><\/td>\n<\/tr>\n<p><\/table>\n","protected":false},"excerpt":{"rendered":"<p>Aufmachen \u2013 Warmmachen \u2013 Genie\u00dfen! Fertig zubereiteter Gl\u00fchwein, bis maximal 70 \u00b0C erw\u00e4rmen. Artikelnummer: 2432 Inhalt 1,0 Ltr. Preis\/Ltr. 5,50 EUR pro Ltr. Weinart: sonstiges Anbaugebiet: Gl\u00fchwein rot Qualit&auml;tsstufe Deutscher Wein Abf\u00fcllerangabe: Abf\u00fcller Rebsorte Restzuckergehalt 70 g\/Ltr. S\u00e4ure: 5,5 g\/Ltr. Alkoholgehalt 12,5 Vol. % Vegan: JA Enth\u00e4lt Allergene: Sulfite<\/p>\n","protected":false},"featured_media":21869,"template":"","meta":[],"product_brand":[],"product_cat":[2088],"product_tag":[],"class_list":{"0":"post-22178","1":"product","2":"type-product","3":"status-publish","4":"has-post-thumbnail","6":"product_cat-gluehwein","8":"first","9":"instock","10":"taxable","11":"shipping-taxable","12":"purchasable","13":"product-type-simple"},"_links":{"self":[{"href":"https:\/\/weinhof-mayer.de\/shop\/wp-json\/wp\/v2\/product\/22178","targetHints":{"allow":["GET"]}}],"collection":[{"href":"https:\/\/weinhof-mayer.de\/shop\/wp-json\/wp\/v2\/product"}],"about":[{"href":"https:\/\/weinhof-mayer.de\/shop\/wp-json\/wp\/v2\/types\/product"}],"wp:featuredmedia":[{"embeddable":true,"href":"https:\/\/weinhof-mayer.de\/shop\/wp-json\/wp\/v2\/media\/21869"}],"wp:attachment":[{"href":"https:\/\/weinhof-mayer.de\/shop\/wp-json\/wp\/v2\/media?parent=22178"}],"wp:term":[{"taxonomy":"product_brand","embeddable":true,"href":"https:\/\/weinhof-mayer.de\/shop\/wp-json\/wp\/v2\/product_brand?post=22178"},{"taxonomy":"product_cat","embeddable":true,"href":"https:\/\/weinhof-mayer.de\/shop\/wp-json\/wp\/v2\/product_cat?post=22178"},{"taxonomy":"product_tag","embeddable":true,"href":"https:\/\/weinhof-mayer.de\/shop\/wp-json\/wp\/v2\/product_tag?post=22178"}],"curies":[{"name":"wp","href":"https:\/\/api.w.org\/{rel}","templated":true}]}}